{"id":47,"date":"2019-01-09T12:13:33","date_gmt":"2019-01-09T11:13:33","guid":{"rendered":"https:\/\/arztpraxis-rieger.de\/pages\/?page_id=47"},"modified":"2021-03-11T22:46:23","modified_gmt":"2021-03-11T21:46:23","slug":"impressum","status":"publish","type":"page","link":"https:\/\/arztpraxis-rieger.de\/pages\/gb\/impressum\/","title":{"rendered":"Imprint"},"content":{"rendered":"<p><strong>Praxis Dr. med. Thomas Rieger<\/strong><br \/>\nLedererstra\u00dfe 4<br \/>\nD-80331 M\u00fcnchen<br \/>\nTelefon: +49 89 222887<br \/>\nTelefax: +49 89 2283474<br \/>\nE-Mail:&nbsp;praxisteam@arztpraxis-rieger.de<br \/>\nInternet: arztpraxis-rieger.de<\/p>\n<p>Zust\u00e4ndige Aufsichtsbeh\u00f6rde:<br \/>\nKassen\u00e4rztliche Vereinigung Bayern, Elsenheimerstra\u00dfe 39, D-80687 M\u00fcnchen<\/p>\n<p>Zust\u00e4ndige Kammer: Landes\u00e4rztekammer Bayern, M\u00fchlbaurstra\u00dfe 16, D-81667 M\u00fcnchen<\/p>\n<p>Berufsbezeichnung: Arzt (verliehen in der Bundesrepublik Deutschland)<\/p>\n<p>Inhaltlich Verantwortlicher gem\u00e4\u00df \u00a7 10 Absatz 3 MDStV: Dr. med. Thomas Rieger (Anschrift wie oben)<\/p>\n<p>Haftungshinweis: Trotz sorgf\u00e4ltiger inhaltlicher Kontrolle \u00fcbernehmen wir keine Haftung f\u00fcr die Inhalte externer Links. F\u00fcr den Inhalt der verlinkten Seiten sind ausschlie\u00dflich deren Betreiber verantwortlich.<\/p>\n","protected":false},"excerpt":{"rendered":"<p>Praxis Dr. med. Thomas Rieger Ledererstra\u00dfe 4 D-80331 M\u00fcnchen Telefon: +49 89 222887 Telefax: +49 89 2283474 E-Mail:&nbsp;praxisteam@arztpraxis-rieger.de Internet: arztpraxis-rieger.de Zust\u00e4ndige Aufsichtsbeh\u00f6rde: Kassen\u00e4rztliche Vereinigung Bayern, Elsenheimerstra\u00dfe 39, D-80687 M\u00fcnchen Zust\u00e4ndige Kammer: Landes\u00e4rztekammer Bayern, M\u00fchlbaurstra\u00dfe 16, D-81667 M\u00fcnchen Berufsbezeichnung: Arzt (verliehen in der Bundesrepublik Deutschland) Inhaltlich Verantwortlicher gem\u00e4\u00df \u00a7 10 Absatz 3 MDStV: Dr. med. Thomas &hellip;<\/p>\n","protected":false},"author":1,"featured_media":0,"parent":0,"menu_order":0,"comment_status":"closed","ping_status":"closed","template":"","meta":{"_lmt_disableupdate":"","_lmt_disable":"","footnotes":""},"class_list":{"0":"post-47","1":"page","2":"type-page","3":"status-publish","5":"clearfix","6":"article"},"translation":{"provider":"WPGlobus","version":"3.0.2","language":"gb","enabled_languages":["de","gb"],"languages":{"de":{"title":true,"content":true,"excerpt":false},"gb":{"title":true,"content":true,"excerpt":false}}},"_links":{"self":[{"href":"https:\/\/arztpraxis-rieger.de\/pages\/gb\/wp-json\/wp\/v2\/pages\/47","targetHints":{"allow":["GET"]}}],"collection":[{"href":"https:\/\/arztpraxis-rieger.de\/pages\/gb\/wp-json\/wp\/v2\/pages"}],"about":[{"href":"https:\/\/arztpraxis-rieger.de\/pages\/gb\/wp-json\/wp\/v2\/types\/page"}],"author":[{"embeddable":true,"href":"https:\/\/arztpraxis-rieger.de\/pages\/gb\/wp-json\/wp\/v2\/users\/1"}],"replies":[{"embeddable":true,"href":"https:\/\/arztpraxis-rieger.de\/pages\/gb\/wp-json\/wp\/v2\/comments?post=47"}],"version-history":[{"count":9,"href":"https:\/\/arztpraxis-rieger.de\/pages\/gb\/wp-json\/wp\/v2\/pages\/47\/revisions"}],"predecessor-version":[{"id":1050,"href":"https:\/\/arztpraxis-rieger.de\/pages\/gb\/wp-json\/wp\/v2\/pages\/47\/revisions\/1050"}],"wp:attachment":[{"href":"https:\/\/arztpraxis-rieger.de\/pages\/gb\/wp-json\/wp\/v2\/media?parent=47"}],"curies":[{"name":"wp","href":"https:\/\/api.w.org\/{rel}","templated":true}]}}